{"id":1229,"date":"2025-07-15T11:13:45","date_gmt":"2025-07-15T08:13:45","guid":{"rendered":"https:\/\/www.dubigo.com.tr\/geschaeftsreisen\/"},"modified":"2025-08-09T10:52:39","modified_gmt":"2025-08-09T07:52:39","slug":"geschaeftsreisen","status":"publish","type":"page","link":"https:\/\/www.dubigo.com.tr\/de\/geschaeftsreisen\/","title":{"rendered":"Gesch\u00e4ftsreisen"},"content":{"rendered":"\t\t<div data-elementor-type=\"wp-page\" data-elementor-id=\"1229\" class=\"elementor elementor-1229 elementor-540\" data-elementor-post-type=\"page\">\n\t\t\t\t<div class=\"elementor-element elementor-element-fcf5c13 e-flex e-con-boxed e-con e-parent\" data-id=\"fcf5c13\" data-element_type=\"container\">\n\t\t\t\t\t<div class=\"e-con-inner\">\n\t\t\t\t<div class=\"elementor-element elementor-element-5e04b2c elementor-widget elementor-widget-image\" data-id=\"5e04b2c\" data-element_type=\"widget\" data-widget_type=\"image.default\">\n\t\t\t\t<div class=\"elementor-widget-container\">\n\t\t\t\t\t\t\t\t\t\t\t\t\t\t\t<img fetchpriority=\"high\" decoding=\"async\" width=\"800\" height=\"300\" src=\"https:\/\/www.dubigo.com.tr\/wp-content\/uploads\/2025\/07\/Dubai-Banner-Business-Turlari-1-1024x384.jpg\" class=\"attachment-large size-large wp-image-1108\" alt=\"\" srcset=\"https:\/\/www.dubigo.com.tr\/wp-content\/uploads\/2025\/07\/Dubai-Banner-Business-Turlari-1-1024x384.jpg 1024w, https:\/\/www.dubigo.com.tr\/wp-content\/uploads\/2025\/07\/Dubai-Banner-Business-Turlari-1-300x113.jpg 300w, https:\/\/www.dubigo.com.tr\/wp-content\/uploads\/2025\/07\/Dubai-Banner-Business-Turlari-1-768x288.jpg 768w, https:\/\/www.dubigo.com.tr\/wp-content\/uploads\/2025\/07\/Dubai-Banner-Business-Turlari-1.jpg 1200w\" sizes=\"(max-width: 800px) 100vw, 800px\" \/>\t\t\t\t\t\t\t\t\t\t\t\t\t\t\t<\/div>\n\t\t\t\t<\/div>\n\t\t\t\t\t<\/div>\n\t\t\t\t<\/div>\n\t\t\t\t<section class=\"elementor-section elementor-top-section elementor-element elementor-element-718a57eb elementor-section-boxed elementor-section-height-default elementor-section-height-default\" data-id=\"718a57eb\" data-element_type=\"section\" data-settings=\"{&quot;background_background&quot;:&quot;classic&quot;}\">\n\t\t\t\t\t\t<div class=\"elementor-container elementor-column-gap-no\">\n\t\t\t\t\t<div class=\"elementor-column elementor-col-100 elementor-top-column elementor-element elementor-element-255a9f8f\" data-id=\"255a9f8f\" data-element_type=\"column\">\n\t\t\t<div class=\"elementor-widget-wrap elementor-element-populated\">\n\t\t\t\t\t\t<section class=\"elementor-section elementor-inner-section elementor-element elementor-element-2b6689d8 elementor-section-boxed elementor-section-height-default elementor-section-height-default\" data-id=\"2b6689d8\" data-element_type=\"section\">\n\t\t\t\t\t\t<div class=\"elementor-container elementor-column-gap-wider\">\n\t\t\t\t\t<div class=\"elementor-column elementor-col-100 elementor-inner-column elementor-element elementor-element-73f94f6a\" data-id=\"73f94f6a\" data-element_type=\"column\">\n\t\t\t<div class=\"elementor-widget-wrap elementor-element-populated\">\n\t\t\t\t\t\t<div class=\"elementor-element elementor-element-3ec04a59 elementor-widget elementor-widget-heading\" data-id=\"3ec04a59\" data-element_type=\"widget\" data-widget_type=\"heading.default\">\n\t\t\t\t<div class=\"elementor-widget-container\">\n\t\t\t\t\t<h2 class=\"elementor-heading-title elementor-size-default\">Gesch\u00e4ftsreisen<\/h2>\t\t\t\t<\/div>\n\t\t\t\t<\/div>\n\t\t\t\t<div class=\"elementor-element elementor-element-72ea7ea9 elementor-widget__width-initial elementor-widget elementor-widget-text-editor\" data-id=\"72ea7ea9\" data-element_type=\"widget\" data-widget_type=\"text-editor.default\">\n\t\t\t\t<div class=\"elementor-widget-container\">\n\t\t\t\t\t\t\t\t\t<p data-start=\"237\" data-end=\"598\">Dubai ist mit seinen Steuervorteilen, der starken Logistikinfrastruktur, dem internationalen Investitionsklima und den schnell wachsenden Branchen eine einzigartige Stadt der M\u00f6glichkeiten f\u00fcr Unternehmer und Investoren. Als Dubigo Travel machen wir diesen Prozess mit <strong data-start=\"439\" data-end=\"537\">Business-Touren, die speziell f\u00fcr Unternehmer und Unternehmen entwickelt wurden, die ein Unternehmen in Dubai gr\u00fcnden m\u00f6chten<\/strong>, einfach, effektiv und professionell. <\/p><p data-start=\"600\" data-end=\"672\">Unsere Tourprogramme umfassen alle wichtigen Schritte des Gr\u00fcndungsprozesses:<\/p><ul data-start=\"673\" data-end=\"1070\"><li data-start=\"673\" data-end=\"757\"><p data-start=\"675\" data-end=\"757\">Informationstreffen \u00fcber Unternehmensarten und Gr\u00fcndungsprozesse in Dubai<\/p><\/li><li data-start=\"758\" data-end=\"839\"><p data-start=\"760\" data-end=\"839\">Expert-Pr\u00e4sentationen zu Lizenzierung, Steuerbefreiungen und rechtlichen Verfahren<\/p><\/li><li data-start=\"840\" data-end=\"921\"><p data-start=\"842\" data-end=\"921\">Besichtigungen von Freizonen, Handelsb\u00fcros und potenziellen Gesch\u00e4ftsfeldern<\/p><\/li><li data-start=\"922\" data-end=\"995\"><p data-start=\"924\" data-end=\"995\">Kennenlernen lokaler Gesch\u00e4ftsnetzwerke, B2B-Gespr\u00e4che und Networking-Veranstaltungen<\/p><\/li><li data-start=\"996\" data-end=\"1070\"><p data-start=\"998\" data-end=\"1070\">Auf Anfrage spezielle Beratung und Vermittlung lokaler Partner<\/p><\/li><\/ul><p data-start=\"1072\" data-end=\"1347\">F\u00fcr alle, die ihre Gesch\u00e4ftsideen auf eine internationale Plattform bringen, ein zweites Zentrum in Dubai gr\u00fcnden oder neue Investitionen planen m\u00f6chten, sind diese Touren ein idealer Ausgangspunkt. Dubigo Travel bietet Ihnen nicht nur eine Reise, sondern <strong data-start=\"1291\" data-end=\"1340\">ein strategisches Erlebnis, das Ihre Vision leitet<\/strong>. <\/p><p data-start=\"1349\" data-end=\"1439\">Nicht tr\u00e4umen, planen. Es war noch nie so einfach, in die Gesch\u00e4ftswelt von Dubai einzusteigen. <\/p>\t\t\t\t\t\t\t\t<\/div>\n\t\t\t\t<\/div>\n\t\t\t\t\t<\/div>\n\t\t<\/div>\n\t\t\t\t\t<\/div>\n\t\t<\/section>\n\t\t\t\t<section class=\"elementor-section elementor-inner-section elementor-element elementor-element-7434b39b elementor-section-boxed elementor-section-height-default elementor-section-height-default\" data-id=\"7434b39b\" data-element_type=\"section\">\n\t\t\t\t\t\t<div class=\"elementor-container elementor-column-gap-wider\">\n\t\t\t\t\t<div class=\"elementor-column elementor-col-100 elementor-inner-column elementor-element elementor-element-377b437\" data-id=\"377b437\" data-element_type=\"column\">\n\t\t\t<div class=\"elementor-widget-wrap elementor-element-populated\">\n\t\t\t\t\t\t<div class=\"elementor-element elementor-element-2ca58ba elementor-headline--style-highlight elementor-widget elementor-widget-animated-headline\" data-id=\"2ca58ba\" data-element_type=\"widget\" data-settings=\"{&quot;highlighted_text&quot;:&quot;Investition&quot;,&quot;headline_style&quot;:&quot;highlight&quot;,&quot;marker&quot;:&quot;circle&quot;,&quot;loop&quot;:&quot;yes&quot;,&quot;highlight_animation_duration&quot;:1200,&quot;highlight_iteration_delay&quot;:8000}\" data-widget_type=\"animated-headline.default\">\n\t\t\t\t<div class=\"elementor-widget-container\">\n\t\t\t\t\t\t\t<h3 class=\"elementor-headline\">\n\t\t\t\t\t<span class=\"elementor-headline-plain-text elementor-headline-text-wrapper\">In Dubai<\/span>\n\t\t\t\t<span class=\"elementor-headline-dynamic-wrapper elementor-headline-text-wrapper\">\n\t\t\t\t\t<span class=\"elementor-headline-dynamic-text elementor-headline-text-active\">Investition<\/span>\n\t\t\t\t<\/span>\n\t\t\t\t\t<span class=\"elementor-headline-plain-text elementor-headline-text-wrapper\">Chance<\/span>\n\t\t\t\t\t<\/h3>\n\t\t\t\t\t\t<\/div>\n\t\t\t\t<\/div>\n\t\t\t\t\t<\/div>\n\t\t<\/div>\n\t\t\t\t\t<\/div>\n\t\t<\/section>\n\t\t\t\t<section class=\"elementor-section elementor-inner-section elementor-element elementor-element-6099d09 elementor-section-boxed elementor-section-height-default elementor-section-height-default\" data-id=\"6099d09\" data-element_type=\"section\">\n\t\t\t\t\t\t<div class=\"elementor-container elementor-column-gap-wider\">\n\t\t\t\t\t<div class=\"elementor-column elementor-col-100 elementor-inner-column elementor-element elementor-element-358572f\" data-id=\"358572f\" data-element_type=\"column\">\n\t\t\t<div class=\"elementor-widget-wrap elementor-element-populated\">\n\t\t\t\t\t\t<div class=\"elementor-element elementor-element-bd9139b elementor-widget elementor-widget-text-editor\" data-id=\"bd9139b\" data-element_type=\"widget\" data-widget_type=\"text-editor.default\">\n\t\t\t\t<div class=\"elementor-widget-container\">\n\t\t\t\t\t\t\t\t\t<div>Immobilien- &amp; Projektbesichtigungstour<\/div><div> <\/div><div>\u201eSehen Sie sich die investitionsw\u00fcrdigen Projekte in Dubai vor Ort an und entscheiden Sie vor Ort.\u201c<\/div><div> <\/div><div>\u2022Dubai Hills<\/div><div>\u2022Business Bay<\/div><div>\u2022JVC \u2013 JVT<\/div><div>\u2022Palm Jebel Ali \/ Emaar Beachfront<\/div><div>  Und weitere Standorte  <\/div><div>\u2022\ud83c\udfe2 Musterwohnungs- und Showroom-Besuche<\/div><div>\u2022\ud83d\udcbc Einzelgespr\u00e4che mit Bautr\u00e4gern<\/div><div>\u2022\u2615 Empfang  <\/div><div> <\/div><div> <\/div><div>Warum diese Tour zum ersten Mal bei DUBIGO?<\/div><div> <\/div><div>\u2705 Standortbesichtigung + Investorenschulung + Beratung<\/div><div>\u2705 Echte Projekte, Showrooms und Entwicklerpr\u00e4sentationen<\/div><div>\u2705 R\u00fcckerstattung oder Unterst\u00fctzung f\u00fcr investierende Kunden<\/div><div>\u2705 Luxuri\u00f6se, gef\u00fchrte, spezielle Route mit Gesch\u00e4ftsplanung<\/div><div>\u2705 \u201eVoller Service f\u00fcr Investoren, die nicht nur eine Brosch\u00fcre, sondern auch den Standort sehen m\u00f6chten\u201c<\/div>\t\t\t\t\t\t\t\t<\/div>\n\t\t\t\t<\/div>\n\t\t\t\t\t<\/div>\n\t\t<\/div>\n\t\t\t\t\t<\/div>\n\t\t<\/section>\n\t\t\t\t\t<\/div>\n\t\t<\/div>\n\t\t\t\t\t<\/div>\n\t\t<\/section>\n\t\t\t\t<\/div>\n\t\t","protected":false},"excerpt":{"rendered":"<p>Gesch\u00e4ftsreisen Dubai ist mit seinen Steuervorteilen, der starken Logistikinfrastruktur, dem internationalen Investitionsklima und den schnell wachsenden Branchen eine einzigartige Stadt der M\u00f6glichkeiten f\u00fcr Unternehmer und Investoren. Als Dubigo Travel machen wir diesen Prozess mit Business-Touren, die speziell f\u00fcr Unternehmer und Unternehmen entwickelt wurden, die ein Unternehmen in Dubai gr\u00fcnden m\u00f6chten, einfach, effektiv und professionell. Unsere [&hellip;]<\/p>\n","protected":false},"author":1,"featured_media":0,"parent":0,"menu_order":0,"comment_status":"closed","ping_status":"closed","template":"","meta":{"footnotes":""},"class_list":["post-1229","page","type-page","status-publish","hentry"],"_links":{"self":[{"href":"https:\/\/www.dubigo.com.tr\/de\/wp-json\/wp\/v2\/pages\/1229","targetHints":{"allow":["GET"]}}],"collection":[{"href":"https:\/\/www.dubigo.com.tr\/de\/wp-json\/wp\/v2\/pages"}],"about":[{"href":"https:\/\/www.dubigo.com.tr\/de\/wp-json\/wp\/v2\/types\/page"}],"author":[{"embeddable":true,"href":"https:\/\/www.dubigo.com.tr\/de\/wp-json\/wp\/v2\/users\/1"}],"replies":[{"embeddable":true,"href":"https:\/\/www.dubigo.com.tr\/de\/wp-json\/wp\/v2\/comments?post=1229"}],"version-history":[{"count":1,"href":"https:\/\/www.dubigo.com.tr\/de\/wp-json\/wp\/v2\/pages\/1229\/revisions"}],"predecessor-version":[{"id":1230,"href":"https:\/\/www.dubigo.com.tr\/de\/wp-json\/wp\/v2\/pages\/1229\/revisions\/1230"}],"wp:attachment":[{"href":"https:\/\/www.dubigo.com.tr\/de\/wp-json\/wp\/v2\/media?parent=1229"}],"curies":[{"name":"wp","href":"https:\/\/api.w.org\/{rel}","templated":true}]}}