{"id":1225,"date":"2025-07-15T11:17:56","date_gmt":"2025-07-15T08:17:56","guid":{"rendered":"https:\/\/www.dubigo.com.tr\/visa-reiseberatung\/"},"modified":"2025-08-09T10:52:27","modified_gmt":"2025-08-09T07:52:27","slug":"visa-reiseberatung","status":"publish","type":"page","link":"https:\/\/www.dubigo.com.tr\/de\/visa-reiseberatung\/","title":{"rendered":"Visa &amp; Reiseberatung"},"content":{"rendered":"\t\t<div data-elementor-type=\"wp-page\" data-elementor-id=\"1225\" class=\"elementor elementor-1225 elementor-549\" data-elementor-post-type=\"page\">\n\t\t\t\t<div class=\"elementor-element elementor-element-fcf5c13 e-flex e-con-boxed e-con e-parent\" data-id=\"fcf5c13\" data-element_type=\"container\">\n\t\t\t\t\t<div class=\"e-con-inner\">\n\t\t\t\t<div class=\"elementor-element elementor-element-c54463d elementor-widget elementor-widget-image\" data-id=\"c54463d\" data-element_type=\"widget\" data-widget_type=\"image.default\">\n\t\t\t\t<div class=\"elementor-widget-container\">\n\t\t\t\t\t\t\t\t\t\t\t\t\t\t\t<img fetchpriority=\"high\" decoding=\"async\" width=\"800\" height=\"300\" src=\"https:\/\/www.dubigo.com.tr\/wp-content\/uploads\/2025\/07\/Dubai-Banner-Vize-ve-Seyahat-Danismanligi-2-1024x384.jpg\" class=\"attachment-large size-large wp-image-1112\" alt=\"\" srcset=\"https:\/\/www.dubigo.com.tr\/wp-content\/uploads\/2025\/07\/Dubai-Banner-Vize-ve-Seyahat-Danismanligi-2-1024x384.jpg 1024w, https:\/\/www.dubigo.com.tr\/wp-content\/uploads\/2025\/07\/Dubai-Banner-Vize-ve-Seyahat-Danismanligi-2-300x113.jpg 300w, https:\/\/www.dubigo.com.tr\/wp-content\/uploads\/2025\/07\/Dubai-Banner-Vize-ve-Seyahat-Danismanligi-2-768x288.jpg 768w, https:\/\/www.dubigo.com.tr\/wp-content\/uploads\/2025\/07\/Dubai-Banner-Vize-ve-Seyahat-Danismanligi-2.jpg 1200w\" sizes=\"(max-width: 800px) 100vw, 800px\" \/>\t\t\t\t\t\t\t\t\t\t\t\t\t\t\t<\/div>\n\t\t\t\t<\/div>\n\t\t\t\t\t<\/div>\n\t\t\t\t<\/div>\n\t\t\t\t<section class=\"elementor-section elementor-top-section elementor-element elementor-element-718a57eb elementor-section-boxed elementor-section-height-default elementor-section-height-default\" data-id=\"718a57eb\" data-element_type=\"section\" data-settings=\"{&quot;background_background&quot;:&quot;classic&quot;}\">\n\t\t\t\t\t\t<div class=\"elementor-container elementor-column-gap-no\">\n\t\t\t\t\t<div class=\"elementor-column elementor-col-100 elementor-top-column elementor-element elementor-element-255a9f8f\" data-id=\"255a9f8f\" data-element_type=\"column\">\n\t\t\t<div class=\"elementor-widget-wrap elementor-element-populated\">\n\t\t\t\t\t\t<section class=\"elementor-section elementor-inner-section elementor-element elementor-element-2b6689d8 elementor-section-boxed elementor-section-height-default elementor-section-height-default\" data-id=\"2b6689d8\" data-element_type=\"section\">\n\t\t\t\t\t\t<div class=\"elementor-container elementor-column-gap-wider\">\n\t\t\t\t\t<div class=\"elementor-column elementor-col-100 elementor-inner-column elementor-element elementor-element-73f94f6a\" data-id=\"73f94f6a\" data-element_type=\"column\">\n\t\t\t<div class=\"elementor-widget-wrap elementor-element-populated\">\n\t\t\t\t\t\t<div class=\"elementor-element elementor-element-3ec04a59 elementor-widget elementor-widget-heading\" data-id=\"3ec04a59\" data-element_type=\"widget\" data-widget_type=\"heading.default\">\n\t\t\t\t<div class=\"elementor-widget-container\">\n\t\t\t\t\t<h2 class=\"elementor-heading-title elementor-size-default\">  Visa &amp; Reiseberatung<\/h2>\t\t\t\t<\/div>\n\t\t\t\t<\/div>\n\t\t\t\t<div class=\"elementor-element elementor-element-72ea7ea9 elementor-widget__width-initial elementor-widget elementor-widget-text-editor\" data-id=\"72ea7ea9\" data-element_type=\"widget\" data-widget_type=\"text-editor.default\">\n\t\t\t\t<div class=\"elementor-widget-container\">\n\t\t\t\t\t\t\t\t\t<p data-start=\"133\" data-end=\"216\"><strong data-start=\"133\" data-end=\"216\">Visa &amp; Reiseberatung \u2013 Sichere und umfassende Unterst\u00fctzung f\u00fcr Ihre Dubai-Reisen<\/strong><\/p><p data-start=\"218\" data-end=\"506\">Der Visumsprozess, einer der kritischsten Schritte bei Auslandsreisen, ist besonders bei Gesch\u00e4ftsreisen in Bezug auf Zeitplanung und Genauigkeit von gro\u00dfer Bedeutung. Als Dubigo Travel bieten wir Ihnen bei allen Ihren Gesch\u00e4fts-, Investitions- oder Erkundungsreisen nach Dubai eine <strong data-start=\"460\" data-end=\"506\">umfassende Beratung.<\/strong> <\/p><p data-start=\"508\" data-end=\"570\">Unser Expertenteam kennt die aktuellen Visabestimmungen der VAE:<\/p><ul data-start=\"571\" data-end=\"901\"><li data-start=\"571\" data-end=\"616\"><p data-start=\"573\" data-end=\"616\">Vollst\u00e4ndige Vorbereitung der erforderlichen Dokumente,<\/p><\/li><li data-start=\"617\" data-end=\"666\"><p data-start=\"619\" data-end=\"666\">Visumantrag in der richtigen Kategorie,<\/p><\/li><li data-start=\"667\" data-end=\"737\"><p data-start=\"669\" data-end=\"737\">Sonderl\u00f6sungen wie Expressantr\u00e4ge, Verl\u00e4ngerungen und Mehrfachvisa,<\/p><\/li><li data-start=\"738\" data-end=\"797\"><p data-start=\"740\" data-end=\"797\">Flug-, Hotel- und Transferplanungen passend zu Ihrer Reise,<\/p><\/li><li data-start=\"798\" data-end=\"901\"><p data-start=\"800\" data-end=\"901\">Wir organisieren <br data-start=\"867\" data-end=\"870\">erfolgreich Flughafenempfang, VIP-Service und Supportprozesse w\u00e4hrend der Reise.<\/p><\/li><\/ul><p data-start=\"903\" data-end=\"1093\">Dar\u00fcber hinaus unterst\u00fctzen wir Sie bei Schritten wie <strong data-start=\"955\" data-end=\"1061\">Terminvereinbarungen bei Beh\u00f6rden, Gespr\u00e4che in Freizonen und Kontaktaufnahme mit lokalen Ansprechpartnern<\/strong> f\u00fcr gesch\u00e4ftliche oder investitionsorientierte Besuche.<\/p><p data-start=\"1095\" data-end=\"1241\">Mit der professionellen Visa- &amp; Reiseberatung von Dubigo Travel planen Sie nicht nur eine Reise, sondern schaffen auch einen starken und sicheren Start in Dubai.<\/p>\t\t\t\t\t\t\t\t<\/div>\n\t\t\t\t<\/div>\n\t\t\t\t\t<\/div>\n\t\t<\/div>\n\t\t\t\t\t<\/div>\n\t\t<\/section>\n\t\t\t\t<section class=\"elementor-section elementor-inner-section elementor-element elementor-element-7434b39b elementor-section-boxed elementor-section-height-default elementor-section-height-default\" data-id=\"7434b39b\" data-element_type=\"section\">\n\t\t\t\t\t\t<div class=\"elementor-container elementor-column-gap-wider\">\n\t\t\t\t\t<div class=\"elementor-column elementor-col-100 elementor-inner-column elementor-element elementor-element-377b437\" data-id=\"377b437\" data-element_type=\"column\">\n\t\t\t<div class=\"elementor-widget-wrap elementor-element-populated\">\n\t\t\t\t\t\t<div class=\"elementor-element elementor-element-3a6c79e elementor-widget elementor-widget-heading\" data-id=\"3a6c79e\" data-element_type=\"widget\" data-widget_type=\"heading.default\">\n\t\t\t\t<div class=\"elementor-widget-container\">\n\t\t\t\t\t<h2 class=\"elementor-heading-title elementor-size-default\">Erforderliche Dokumente \u2013 Dubai Visum (Touristisch)\n<\/h2>\t\t\t\t<\/div>\n\t\t\t\t<\/div>\n\t\t\t\t\t<\/div>\n\t\t<\/div>\n\t\t\t\t\t<\/div>\n\t\t<\/section>\n\t\t\t\t<section class=\"elementor-section elementor-inner-section elementor-element elementor-element-6099d09 elementor-section-boxed elementor-section-height-default elementor-section-height-default\" data-id=\"6099d09\" data-element_type=\"section\">\n\t\t\t\t\t\t<div class=\"elementor-container elementor-column-gap-wider\">\n\t\t\t\t\t<div class=\"elementor-column elementor-col-100 elementor-inner-column elementor-element elementor-element-358572f\" data-id=\"358572f\" data-element_type=\"column\">\n\t\t\t<div class=\"elementor-widget-wrap elementor-element-populated\">\n\t\t\t\t\t\t<div class=\"elementor-element elementor-element-bd9139b elementor-widget elementor-widget-text-editor\" data-id=\"bd9139b\" data-element_type=\"widget\" data-widget_type=\"text-editor.default\">\n\t\t\t\t<div class=\"elementor-widget-container\">\n\t\t\t\t\t\t\t\t\t<div>1. Reisepasskopie<\/div><div>\u2022 Muss mindestens 6 Monate g\u00fcltig sein<\/div><div>\u2022 Farbig und scharf aufgenommen<\/div><div>2. Personalausweiskopie<\/div><div>\u2022 Vorder- und R\u00fcckseite<\/div><div>3. Biometrisches Foto<\/div><div>\u2022 Wei\u00dfer Hintergrund, aktuell, im Passfotoformat<\/div><div>\u2022 4,5 x 6 cm gro\u00df<\/div><div>4. Unterkunftsinformationen<\/div><div>\u2022 Hotelreservierung (wird von uns vorbereitet, wenn Dubigo sie bereitstellt)<\/div><div>5. Flugticketreservierung<\/div><div>\u2022 Hin- und R\u00fcckfahrt (optional bei Dubigo erh\u00e4ltlich)<\/div><div>6. Falls vorhanden: Vorherige Dubai-Visa oder g\u00fcltige Schengen-\/USA-\/UK-Visa<\/div><div> <\/div><div>\u2e3b<\/div><div> <\/div><div>\u2708\ufe0f Was beinhaltet der Dubigo Visa Service?<\/div><div> <\/div><div>\u2705 Schneller &amp; Online-Bewerbungsprozess<\/div><div>\u2705 Dokumentenkontrolle und professionelle Beratung<\/div><div>\u2705 Bei Bedarf Vorbereitung von Hotel- &amp; Flugreservierungen<\/div><div>\u2705 Eins-zu-eins-Betreuung in jedem Schritt des Visumsprozesses<\/div><div>\u2705 VIP-Visumantrag (mit Dringlichkeitsausgang)<\/div><div> <\/div><div>\ud83d\udcde Reiseberatungsservice<\/div><div> <\/div><div>Wir sind vor, w\u00e4hrend und nach Ihrem Urlaub immer f\u00fcr Sie da.<\/div><div>\u2705 Flugticket- &amp; Unterkunftsplanung<\/div><div>\u2705 T\u00e4gliche Ausflugs- und Aktivit\u00e4tsf\u00fchrung<\/div><div>\u2705 Private Reisef\u00fchrer, Transfers, Restaurant- und Einkaufsempfehlungen<\/div><div>\u2705 24\/7-Support \u00fcber WhatsApp<\/div>\t\t\t\t\t\t\t\t<\/div>\n\t\t\t\t<\/div>\n\t\t\t\t\t<\/div>\n\t\t<\/div>\n\t\t\t\t\t<\/div>\n\t\t<\/section>\n\t\t\t\t\t<\/div>\n\t\t<\/div>\n\t\t\t\t\t<\/div>\n\t\t<\/section>\n\t\t\t\t<\/div>\n\t\t","protected":false},"excerpt":{"rendered":"<p>Visa &amp; Reiseberatung Visa &amp; Reiseberatung \u2013 Sichere und umfassende Unterst\u00fctzung f\u00fcr Ihre Dubai-Reisen Der Visumsprozess, einer der kritischsten Schritte bei Auslandsreisen, ist besonders bei Gesch\u00e4ftsreisen in Bezug auf Zeitplanung und Genauigkeit von gro\u00dfer Bedeutung. Als Dubigo Travel bieten wir Ihnen bei allen Ihren Gesch\u00e4fts-, Investitions- oder Erkundungsreisen nach Dubai eine umfassende Beratung. Unser Expertenteam [&hellip;]<\/p>\n","protected":false},"author":1,"featured_media":0,"parent":0,"menu_order":0,"comment_status":"closed","ping_status":"closed","template":"","meta":{"footnotes":""},"class_list":["post-1225","page","type-page","status-publish","hentry"],"_links":{"self":[{"href":"https:\/\/www.dubigo.com.tr\/de\/wp-json\/wp\/v2\/pages\/1225","targetHints":{"allow":["GET"]}}],"collection":[{"href":"https:\/\/www.dubigo.com.tr\/de\/wp-json\/wp\/v2\/pages"}],"about":[{"href":"https:\/\/www.dubigo.com.tr\/de\/wp-json\/wp\/v2\/types\/page"}],"author":[{"embeddable":true,"href":"https:\/\/www.dubigo.com.tr\/de\/wp-json\/wp\/v2\/users\/1"}],"replies":[{"embeddable":true,"href":"https:\/\/www.dubigo.com.tr\/de\/wp-json\/wp\/v2\/comments?post=1225"}],"version-history":[{"count":1,"href":"https:\/\/www.dubigo.com.tr\/de\/wp-json\/wp\/v2\/pages\/1225\/revisions"}],"predecessor-version":[{"id":1226,"href":"https:\/\/www.dubigo.com.tr\/de\/wp-json\/wp\/v2\/pages\/1225\/revisions\/1226"}],"wp:attachment":[{"href":"https:\/\/www.dubigo.com.tr\/de\/wp-json\/wp\/v2\/media?parent=1225"}],"curies":[{"name":"wp","href":"https:\/\/api.w.org\/{rel}","templated":true}]}}